{"id":30302,"date":"2024-09-29T21:21:02","date_gmt":"2024-09-29T19:21:02","guid":{"rendered":"https:\/\/schenkfamily-wine.com\/brands-and-estates\/clos-du-rocher\/"},"modified":"2025-01-21T12:04:04","modified_gmt":"2025-01-21T11:04:04","slug":"clos-du-rocher","status":"publish","type":"page","link":"https:\/\/schenkfamily-wine.com\/en\/brands-and-estates\/clos-du-rocher\/","title":{"rendered":"Clos du Rocher"},"content":{"rendered":"<p>[et_pb_section fb_built=&#8221;1&#8243; _builder_version=&#8221;4.24.3&#8243; _module_preset=&#8221;default&#8221; global_colors_info=&#8221;{}&#8221;][et_pb_row column_structure=&#8221;1_3,1_3,1_3&#8243; disabled_on=&#8221;on|off|off&#8221; module_class=&#8221;breadcrumb black&#8221; _builder_version=&#8221;4.24.3&#8243; _module_preset=&#8221;default&#8221; module_alignment=&#8221;center&#8221; custom_padding=&#8221;0px||0px||true|false&#8221; global_colors_info=&#8221;{}&#8221;][et_pb_column type=&#8221;1_3&#8243; _builder_version=&#8221;4.25.0&#8243; _module_preset=&#8221;default&#8221; global_colors_info=&#8221;{}&#8221;][et_pb_text _builder_version=&#8221;4.24.3&#8243; _dynamic_attributes=&#8221;link_option_url&#8221; _module_preset=&#8221;default&#8221; link_option_url=&#8221;@ET-DC@eyJkeW5hbWljIjp0cnVlLCJjb250ZW50IjoiaG9tZV91cmwiLCJzZXR0aW5ncyI6W119@&#8221; global_colors_info=&#8221;{}&#8221;]<\/p>\n<p><span style=\"text-decoration: underline;\">Homepage<\/span><\/p>\n<p>[\/et_pb_text][\/et_pb_column][et_pb_column type=&#8221;1_3&#8243; _builder_version=&#8221;4.25.0&#8243; _module_preset=&#8221;default&#8221; global_colors_info=&#8221;{}&#8221;][et_pb_text _builder_version=&#8221;4.24.3&#8243; _dynamic_attributes=&#8221;link_option_url&#8221; _module_preset=&#8221;default&#8221; link_option_url=&#8221;@ET-DC@eyJkeW5hbWljIjp0cnVlLCJjb250ZW50IjoicG9zdF9saW5rX3VybF9wYWdlIiwic2V0dGluZ3MiOnsicG9zdF9pZCI6IjI4OTAzIn19@&#8221; global_colors_info=&#8221;{}&#8221;]<\/p>\n<p><span style=\"text-decoration: underline;\">Brands &amp; estates<\/span><\/p>\n<p>[\/et_pb_text][\/et_pb_column][et_pb_column type=&#8221;1_3&#8243; _builder_version=&#8221;4.25.0&#8243; _module_preset=&#8221;default&#8221; global_colors_info=&#8221;{}&#8221;][et_pb_text _builder_version=&#8221;4.24.3&#8243; _module_preset=&#8221;default&#8221; global_colors_info=&#8221;{}&#8221;]<\/p>\n<p><strong>Clos du Rocher<\/strong><\/p>\n<p>[\/et_pb_text][\/et_pb_column][\/et_pb_row][et_pb_row column_structure=&#8221;1_2,1_2&#8243; custom_padding_last_edited=&#8221;on|phone&#8221; disabled_on=&#8221;off|on|on&#8221; module_class=&#8221;breadcrumb black&#8221; _builder_version=&#8221;4.24.3&#8243; _module_preset=&#8221;default&#8221; width_tablet=&#8221;&#8221; width_phone=&#8221;100%&#8221; width_last_edited=&#8221;on|phone&#8221; module_alignment=&#8221;center&#8221; custom_margin_tablet=&#8221;&#8221; custom_margin_phone=&#8221;|auto||auto|false|true&#8221; custom_margin_last_edited=&#8221;on|phone&#8221; custom_padding=&#8221;0px||0px||true|false&#8221; custom_padding_tablet=&#8221;0px||0px||true|false&#8221; custom_padding_phone=&#8221;0px|0px|0px|0px|true|false&#8221; global_colors_info=&#8221;{}&#8221;][et_pb_column type=&#8221;1_2&#8243; _builder_version=&#8221;4.25.0&#8243; _module_preset=&#8221;default&#8221; custom_padding_tablet=&#8221;&#8221; custom_padding_phone=&#8221;||0px||false|false&#8221; custom_padding_last_edited=&#8221;on|phone&#8221; custom_css_free_form=&#8221;selector {||  margin-bottom:0px;||}&#8221; global_colors_info=&#8221;{}&#8221;][et_pb_text _builder_version=&#8221;4.24.3&#8243; _dynamic_attributes=&#8221;link_option_url&#8221; _module_preset=&#8221;default&#8221; custom_margin_tablet=&#8221;&#8221; custom_margin_phone=&#8221;0px|0px|0px|0px|false|true&#8221; custom_margin_last_edited=&#8221;on|phone&#8221; custom_padding_tablet=&#8221;&#8221; custom_padding_phone=&#8221;0px||0px||false|false&#8221; custom_padding_last_edited=&#8221;on|phone&#8221; link_option_url=&#8221;@ET-DC@eyJkeW5hbWljIjp0cnVlLCJjb250ZW50IjoiaG9tZV91cmwiLCJzZXR0aW5ncyI6W119@&#8221; global_colors_info=&#8221;{}&#8221;]<\/p>\n<p><span style=\"text-decoration: underline;\">Homepage<\/span><\/p>\n<p>[\/et_pb_text][\/et_pb_column][et_pb_column type=&#8221;1_2&#8243; _builder_version=&#8221;4.25.0&#8243; _module_preset=&#8221;default&#8221; global_colors_info=&#8221;{}&#8221;][et_pb_text _builder_version=&#8221;4.24.3&#8243; _module_preset=&#8221;default&#8221; custom_margin_tablet=&#8221;&#8221; custom_margin_phone=&#8221;|0px|0px|0px|false|true&#8221; custom_margin_last_edited=&#8221;on|phone&#8221; global_colors_info=&#8221;{}&#8221;]<\/p>\n<p><strong>Brands &amp; estates<\/strong><\/p>\n<p>[\/et_pb_text][\/et_pb_column][\/et_pb_row][et_pb_row column_structure=&#8221;1_5,3_5,1_5&#8243; _builder_version=&#8221;4.24.3&#8243; _module_preset=&#8221;default&#8221; width=&#8221;100%&#8221; max_width=&#8221;1200px&#8221; global_colors_info=&#8221;{}&#8221;][et_pb_column type=&#8221;1_5&#8243; _builder_version=&#8221;4.24.3&#8243; _module_preset=&#8221;default&#8221; global_colors_info=&#8221;{}&#8221;][\/et_pb_column][et_pb_column type=&#8221;3_5&#8243; _builder_version=&#8221;4.24.3&#8243; _module_preset=&#8221;default&#8221; global_colors_info=&#8221;{}&#8221;][et_pb_code _builder_version=&#8221;4.24.3&#8243; _module_preset=&#8221;default&#8221; text_orientation=&#8221;center&#8221; global_colors_info=&#8221;{}&#8221;]<\/p>\n<h1><!-- [et_pb_line_break_holder] -->  Clos du Rocher<!-- [et_pb_line_break_holder] --><\/h1>\n<p>[\/et_pb_code][et_pb_text module_class=&#8221;sous-titre&#8221; _builder_version=&#8221;4.24.3&#8243; _module_preset=&#8221;default&#8221; global_colors_info=&#8221;{}&#8221;]<\/p>\n<h2 style=\"text-align: center;\">Vaud, Chablais<\/h2>\n<p>[\/et_pb_text][\/et_pb_column][et_pb_column type=&#8221;1_5&#8243; _builder_version=&#8221;4.24.3&#8243; _module_preset=&#8221;default&#8221; global_colors_info=&#8221;{}&#8221;][\/et_pb_column][\/et_pb_row][et_pb_row column_structure=&#8221;1_2,1_2&#8243; make_equal=&#8221;on&#8221; _builder_version=&#8221;4.24.3&#8243; _module_preset=&#8221;default&#8221; width=&#8221;100%&#8221; max_width=&#8221;1200px&#8221; global_colors_info=&#8221;{}&#8221;][et_pb_column type=&#8221;1_2&#8243; _builder_version=&#8221;4.24.3&#8243; _module_preset=&#8221;default&#8221; background_color=&#8221;#FFFFFF&#8221; custom_padding=&#8221;40px|80px|40px|80px|false|false&#8221; box_shadow_style=&#8221;preset3&#8243; global_colors_info=&#8221;{}&#8221;][et_pb_image src=&#8221;https:\/\/schenkfamily-wine.com\/wp-content\/uploads\/2024\/09\/map-domaine.png&#8221; title_text=&#8221;map-domaine&#8221; align_tablet=&#8221;&#8221; align_phone=&#8221;center&#8221; align_last_edited=&#8221;on|phone&#8221; _builder_version=&#8221;4.24.3&#8243; _module_preset=&#8221;default&#8221; global_colors_info=&#8221;{}&#8221;][\/et_pb_image][et_pb_text _builder_version=&#8221;4.24.3&#8243; _module_preset=&#8221;default&#8221; text_orientation_tablet=&#8221;&#8221; text_orientation_phone=&#8221;center&#8221; text_orientation_last_edited=&#8221;on|phone&#8221; global_colors_info=&#8221;{}&#8221;]Clos du Rocher<br \/>\n1853<br \/>\nYvorne<br \/>\nSwitzerand[\/et_pb_text][et_pb_text module_class=&#8221;text-with-icon&#8221; _builder_version=&#8221;4.24.3&#8243; _module_preset=&#8221;default&#8221; custom_margin=&#8221;||10px||false|false&#8221; hover_enabled=&#8221;0&#8243; custom_css_free_form=&#8221;selector {||  display:flex;||  align-items:center;||}&#8221; global_colors_info=&#8221;{}&#8221; link_option_url=&#8221;https:\/\/thewinefamily.ch\/collections\/clos-du-rocher\/&#8221; link_option_url_new_window=&#8221;on&#8221; sticky_enabled=&#8221;0&#8243;]<\/p>\n<p><img loading=\"lazy\" decoding=\"async\" src=\"https:\/\/schenkfamily-wine.com\/wp-content\/uploads\/2024\/09\/world.png\" width=\"15\" height=\"15\" alt=\"\" class=\"wp-image-29949 alignnone size-full\" \/> \u00a0<span style=\"text-decoration: underline;\">https:\/\/thewinefamily.ch\/collections\/clos-du-rocher\/<\/span><\/p>\n<p>[\/et_pb_text][\/et_pb_column][et_pb_column type=&#8221;1_2&#8243; _builder_version=&#8221;4.24.3&#8243; _module_preset=&#8221;default&#8221; global_colors_info=&#8221;{}&#8221;][et_pb_image src=&#8221;https:\/\/schenkfamily-wine.com\/wp-content\/uploads\/2024\/09\/clos.png&#8221; title_text=&#8221;clos&#8221; _builder_version=&#8221;4.24.3&#8243; _module_preset=&#8221;default&#8221; border_radii=&#8221;on|6px|6px|6px|6px&#8221; border_width_all=&#8221;1px&#8221; border_color_all=&#8221;#efece8&#8243; global_colors_info=&#8221;{}&#8221;][\/et_pb_image][\/et_pb_column][\/et_pb_row][et_pb_row column_structure=&#8221;1_5,3_5,1_5&#8243; _builder_version=&#8221;4.24.3&#8243; _module_preset=&#8221;default&#8221; width=&#8221;100%&#8221; max_width=&#8221;1200px&#8221; global_colors_info=&#8221;{}&#8221;][et_pb_column type=&#8221;1_5&#8243; _builder_version=&#8221;4.24.3&#8243; _module_preset=&#8221;default&#8221; global_colors_info=&#8221;{}&#8221;][\/et_pb_column][et_pb_column type=&#8221;3_5&#8243; _builder_version=&#8221;4.24.3&#8243; _module_preset=&#8221;default&#8221; global_colors_info=&#8221;{}&#8221;][et_pb_code _builder_version=&#8221;4.24.3&#8243; _module_preset=&#8221;default&#8221; text_orientation=&#8221;center&#8221; global_colors_info=&#8221;{}&#8221;]<\/p>\n<h2><!-- [et_pb_line_break_holder] -->Tr\u00e9sor intact\u200b de la viticulture\u200b du XIXe si\u00e8cle\u200b<!-- [et_pb_line_break_holder] --><\/h2>\n<p>[\/et_pb_code][et_pb_text module_class=&#8221;lead&#8221; _builder_version=&#8221;4.24.3&#8243; _module_preset=&#8221;default&#8221; global_colors_info=&#8221;{}&#8221;]<\/p>\n<p style=\"text-align: center;\">Le Clos du Rocher est un vin unique issu d&#8217;un terroir d&#8217;exception. \u200bSon caract\u00e8re min\u00e9ral vient de la nature. \u200bReconnu \u00e0 travers la Suisse, il est associ\u00e9 aux valeurs d&#8217;excellence, d&#8217;exigence \u200bet de raffinement. \u200bC&#8217;est le vin des grandes tables que l&#8217;on garde et partage seulement avec ses proches.\u200b<\/p>\n<p>[\/et_pb_text][\/et_pb_column][et_pb_column type=&#8221;1_5&#8243; _builder_version=&#8221;4.24.3&#8243; _module_preset=&#8221;default&#8221; global_colors_info=&#8221;{}&#8221;][\/et_pb_column][\/et_pb_row][et_pb_row _builder_version=&#8221;4.24.3&#8243; _module_preset=&#8221;default&#8221; width=&#8221;90%&#8221; max_width=&#8221;1200px&#8221; global_colors_info=&#8221;{}&#8221;][et_pb_column type=&#8221;4_4&#8243; module_class=&#8221;slider_img_popup_slide&#8221; _builder_version=&#8221;4.24.3&#8243; _module_preset=&#8221;default&#8221; global_colors_info=&#8221;{}&#8221;][et_pb_image src=&#8221;https:\/\/schenkfamily-wine.com\/wp-content\/uploads\/2024\/06\/CdR2.jpg&#8221; title_text=&#8221;CdR2&#8243; _builder_version=&#8221;4.24.3&#8243; _module_preset=&#8221;default&#8221; global_colors_info=&#8221;{}&#8221;][\/et_pb_image][\/et_pb_column][\/et_pb_row][et_pb_row column_structure=&#8221;1_5,3_5,1_5&#8243; _builder_version=&#8221;4.24.3&#8243; _module_preset=&#8221;default&#8221; width=&#8221;100%&#8221; max_width=&#8221;1200px&#8221; global_colors_info=&#8221;{}&#8221;][et_pb_column type=&#8221;1_5&#8243; _builder_version=&#8221;4.24.3&#8243; _module_preset=&#8221;default&#8221; global_colors_info=&#8221;{}&#8221;][\/et_pb_column][et_pb_column type=&#8221;3_5&#8243; _builder_version=&#8221;4.24.3&#8243; _module_preset=&#8221;default&#8221; global_colors_info=&#8221;{}&#8221;][et_pb_code _builder_version=&#8221;4.24.3&#8243; _module_preset=&#8221;default&#8221; text_orientation=&#8221;center&#8221; global_colors_info=&#8221;{}&#8221;]<\/p>\n<h3><!-- [et_pb_line_break_holder] -->Histoire<!-- [et_pb_line_break_holder] --><\/h3>\n<p>[\/et_pb_code][et_pb_text _builder_version=&#8221;4.24.3&#8243; _module_preset=&#8221;default&#8221; global_colors_info=&#8221;{}&#8221;]<\/p>\n<p style=\"text-align: center;\">&#8211; XIXe si\u00e8cle: premi\u00e8re mention du Domaine.\u200b<\/p>\n<p style=\"text-align: center;\">&#8211; 1836: construction de la b\u00e2tisse\u200b et des caves.\u200b<\/p>\n<p style=\"text-align: center;\">&#8211; 1918: acquisition du Domaine par Emile Obrist. Les vignerons qui se sont succ\u00e9d\u00e9 au fil des d\u00e9cennies ont \u00e9t\u00e9 r\u00e9guli\u00e8rement couronn\u00e9s ou distingu\u00e9s lors des F\u00eates des Vignerons de Vevey.\u200b<\/p>\n<p>[\/et_pb_text][\/et_pb_column][et_pb_column type=&#8221;1_5&#8243; _builder_version=&#8221;4.24.3&#8243; _module_preset=&#8221;default&#8221; global_colors_info=&#8221;{}&#8221;][\/et_pb_column][\/et_pb_row][et_pb_row column_structure=&#8221;1_5,3_5,1_5&#8243; custom_padding_last_edited=&#8221;off|phone&#8221; _builder_version=&#8221;4.24.3&#8243; _module_preset=&#8221;default&#8221; width=&#8221;100%&#8221; max_width=&#8221;1200px&#8221; custom_margin_tablet=&#8221;&#8221; custom_margin_phone=&#8221;0px||||false|false&#8221; custom_margin_last_edited=&#8221;on|phone&#8221; custom_padding=&#8221;||||false|false&#8221; custom_padding_phone=&#8221;0px||||false|false&#8221; global_colors_info=&#8221;{}&#8221;][et_pb_column type=&#8221;1_5&#8243; _builder_version=&#8221;4.24.3&#8243; _module_preset=&#8221;default&#8221; global_colors_info=&#8221;{}&#8221;][\/et_pb_column][et_pb_column type=&#8221;3_5&#8243; _builder_version=&#8221;4.24.3&#8243; _module_preset=&#8221;default&#8221; global_colors_info=&#8221;{}&#8221;][et_pb_code _builder_version=&#8221;4.24.3&#8243; _module_preset=&#8221;default&#8221; text_orientation=&#8221;center&#8221; global_colors_info=&#8221;{}&#8221;]<\/p>\n<h3><!-- [et_pb_line_break_holder] -->Vignoble<!-- [et_pb_line_break_holder] --><\/h3>\n<p>[\/et_pb_code][et_pb_text _builder_version=&#8221;4.24.3&#8243; _module_preset=&#8221;default&#8221; global_colors_info=&#8221;{}&#8221;]<\/p>\n<p style=\"text-align: center;\">10 hectares de vignes \u200ben terrasses d\u2019un seul tenant.\u200b Exposition plein sud.\u200b<\/p>\n<p>[\/et_pb_text][\/et_pb_column][et_pb_column type=&#8221;1_5&#8243; _builder_version=&#8221;4.24.3&#8243; _module_preset=&#8221;default&#8221; global_colors_info=&#8221;{}&#8221;][\/et_pb_column][\/et_pb_row][et_pb_row _builder_version=&#8221;4.24.3&#8243; _module_preset=&#8221;default&#8221; width=&#8221;100%&#8221; max_width=&#8221;1200px&#8221; global_colors_info=&#8221;{}&#8221;][et_pb_column type=&#8221;4_4&#8243; _builder_version=&#8221;4.24.3&#8243; _module_preset=&#8221;default&#8221; global_colors_info=&#8221;{}&#8221;][et_pb_code _builder_version=&#8221;4.24.3&#8243; _module_preset=&#8221;default&#8221; text_orientation=&#8221;center&#8221; global_colors_info=&#8221;{}&#8221;]<\/p>\n<h2 class=\"decoration\"><!-- [et_pb_line_break_holder] --> <span class=\"text-primary text-manier\">Welcome to<\/span><!\u2013- [et_pb_br_holder] -\u2013><!-- [et_pb_line_break_holder] --> <span class=\"text-primary sous-titre\">the family<\/span><!-- [et_pb_line_break_holder] --><\/h2>\n<p>[\/et_pb_code][\/et_pb_column][\/et_pb_row][\/et_pb_section]<\/p>\n","protected":false},"excerpt":{"rendered":"<p>HomepageBrands &amp; estatesClos du RocherHomepageBrands &amp; estatesVaud, ChablaisClos du Rocher 1853 Yvorne Switzerand \u00a0https:\/\/thewinefamily.ch\/collections\/clos-du-rocher\/Le Clos du Rocher est un vin unique issu d&#8217;un terroir d&#8217;exception. \u200bSon caract\u00e8re min\u00e9ral vient de la nature. \u200bReconnu \u00e0 travers la Suisse, il est associ\u00e9 aux valeurs d&#8217;excellence, d&#8217;exigence \u200bet de raffinement. \u200bC&#8217;est le vin des grandes tables que l&#8217;on [&hellip;]<\/p>\n","protected":false},"author":1,"featured_media":0,"parent":29768,"menu_order":0,"comment_status":"closed","ping_status":"closed","template":"","meta":{"_et_pb_use_builder":"on","_et_pb_old_content":"","_et_gb_content_width":"","footnotes":""},"class_list":["post-30302","page","type-page","status-publish","hentry"],"yoast_head":"<!-- This site is optimized with the Yoast SEO plugin v26.5 - https:\/\/yoast.com\/wordpress\/plugins\/seo\/ -->\n<title>Clos du Rocher - Schenk family Holding<\/title>\n<meta name=\"description\" content=\"Clos du Rocher Schenk family Holding\" \/>\n<meta name=\"robots\" content=\"index, follow, max-snippet:-1, max-image-preview:large, max-video-preview:-1\" \/>\n<link rel=\"canonical\" href=\"https:\/\/schenkfamily-wine.com\/fr\/marques-et-domaines\/clos-du-rocher\/\" \/>\n<meta property=\"og:locale\" content=\"en_US\" \/>\n<meta property=\"og:type\" content=\"article\" \/>\n<meta property=\"og:title\" content=\"Clos du Rocher - Schenk family Holding\" \/>\n<meta property=\"og:description\" content=\"Clos du Rocher Schenk family Holding\" \/>\n<meta property=\"og:url\" content=\"https:\/\/schenkfamily-wine.com\/fr\/marques-et-domaines\/clos-du-rocher\/\" \/>\n<meta property=\"og:site_name\" content=\"Schenk family Holding\" \/>\n<meta property=\"article:modified_time\" content=\"2025-01-21T11:04:04+00:00\" \/>\n<meta property=\"og:image\" content=\"https:\/\/schenkfamily-wine.com\/wp-content\/uploads\/2024\/09\/world.png\" \/>\n<meta name=\"twitter:card\" content=\"summary_large_image\" \/>\n<meta name=\"twitter:label1\" content=\"Est. reading time\" \/>\n\t<meta name=\"twitter:data1\" content=\"7 minutes\" \/>\n<script type=\"application\/ld+json\" class=\"yoast-schema-graph\">{\"@context\":\"https:\/\/schema.org\",\"@graph\":[{\"@type\":\"WebPage\",\"@id\":\"https:\/\/schenkfamily-wine.com\/fr\/marques-et-domaines\/clos-du-rocher\/\",\"url\":\"https:\/\/schenkfamily-wine.com\/fr\/marques-et-domaines\/clos-du-rocher\/\",\"name\":\"Clos du Rocher - Schenk family Holding\",\"isPartOf\":{\"@id\":\"https:\/\/schenkfamily-wine.com\/fr\/#website\"},\"primaryImageOfPage\":{\"@id\":\"https:\/\/schenkfamily-wine.com\/fr\/marques-et-domaines\/clos-du-rocher\/#primaryimage\"},\"image\":{\"@id\":\"https:\/\/schenkfamily-wine.com\/fr\/marques-et-domaines\/clos-du-rocher\/#primaryimage\"},\"thumbnailUrl\":\"https:\/\/schenkfamily-wine.com\/wp-content\/uploads\/2024\/09\/world.png\",\"datePublished\":\"2024-09-29T19:21:02+00:00\",\"dateModified\":\"2025-01-21T11:04:04+00:00\",\"description\":\"Clos du Rocher Schenk family Holding\",\"breadcrumb\":{\"@id\":\"https:\/\/schenkfamily-wine.com\/fr\/marques-et-domaines\/clos-du-rocher\/#breadcrumb\"},\"inLanguage\":\"en-US\",\"potentialAction\":[{\"@type\":\"ReadAction\",\"target\":[\"https:\/\/schenkfamily-wine.com\/fr\/marques-et-domaines\/clos-du-rocher\/\"]}]},{\"@type\":\"ImageObject\",\"inLanguage\":\"en-US\",\"@id\":\"https:\/\/schenkfamily-wine.com\/fr\/marques-et-domaines\/clos-du-rocher\/#primaryimage\",\"url\":\"https:\/\/schenkfamily-wine.com\/wp-content\/uploads\/2024\/09\/world.png\",\"contentUrl\":\"https:\/\/schenkfamily-wine.com\/wp-content\/uploads\/2024\/09\/world.png\"},{\"@type\":\"BreadcrumbList\",\"@id\":\"https:\/\/schenkfamily-wine.com\/fr\/marques-et-domaines\/clos-du-rocher\/#breadcrumb\",\"itemListElement\":[{\"@type\":\"ListItem\",\"position\":1,\"name\":\"Accueil\",\"item\":\"https:\/\/schenkfamily-wine.com\/fr\/\"},{\"@type\":\"ListItem\",\"position\":2,\"name\":\"Brands and estates\",\"item\":\"https:\/\/schenkfamily-wine.com\/fr\/marques-et-domaines\/\"},{\"@type\":\"ListItem\",\"position\":3,\"name\":\"Clos du Rocher\"}]},{\"@type\":\"WebSite\",\"@id\":\"https:\/\/schenkfamily-wine.com\/fr\/#website\",\"url\":\"https:\/\/schenkfamily-wine.com\/fr\/\",\"name\":\"Schenk family Holding\",\"description\":\"\",\"potentialAction\":[{\"@type\":\"SearchAction\",\"target\":{\"@type\":\"EntryPoint\",\"urlTemplate\":\"https:\/\/schenkfamily-wine.com\/fr\/?s={search_term_string}\"},\"query-input\":{\"@type\":\"PropertyValueSpecification\",\"valueRequired\":true,\"valueName\":\"search_term_string\"}}],\"inLanguage\":\"en-US\"}]}<\/script>\n<!-- \/ Yoast SEO plugin. -->","yoast_head_json":{"title":"Clos du Rocher - Schenk family Holding","description":"Clos du Rocher Schenk family Holding","robots":{"index":"index","follow":"follow","max-snippet":"max-snippet:-1","max-image-preview":"max-image-preview:large","max-video-preview":"max-video-preview:-1"},"canonical":"https:\/\/schenkfamily-wine.com\/fr\/marques-et-domaines\/clos-du-rocher\/","og_locale":"en_US","og_type":"article","og_title":"Clos du Rocher - Schenk family Holding","og_description":"Clos du Rocher Schenk family Holding","og_url":"https:\/\/schenkfamily-wine.com\/fr\/marques-et-domaines\/clos-du-rocher\/","og_site_name":"Schenk family Holding","article_modified_time":"2025-01-21T11:04:04+00:00","og_image":[{"url":"https:\/\/schenkfamily-wine.com\/wp-content\/uploads\/2024\/09\/world.png","type":"","width":"","height":""}],"twitter_card":"summary_large_image","twitter_misc":{"Est. reading time":"7 minutes"},"schema":{"@context":"https:\/\/schema.org","@graph":[{"@type":"WebPage","@id":"https:\/\/schenkfamily-wine.com\/fr\/marques-et-domaines\/clos-du-rocher\/","url":"https:\/\/schenkfamily-wine.com\/fr\/marques-et-domaines\/clos-du-rocher\/","name":"Clos du Rocher - Schenk family Holding","isPartOf":{"@id":"https:\/\/schenkfamily-wine.com\/fr\/#website"},"primaryImageOfPage":{"@id":"https:\/\/schenkfamily-wine.com\/fr\/marques-et-domaines\/clos-du-rocher\/#primaryimage"},"image":{"@id":"https:\/\/schenkfamily-wine.com\/fr\/marques-et-domaines\/clos-du-rocher\/#primaryimage"},"thumbnailUrl":"https:\/\/schenkfamily-wine.com\/wp-content\/uploads\/2024\/09\/world.png","datePublished":"2024-09-29T19:21:02+00:00","dateModified":"2025-01-21T11:04:04+00:00","description":"Clos du Rocher Schenk family Holding","breadcrumb":{"@id":"https:\/\/schenkfamily-wine.com\/fr\/marques-et-domaines\/clos-du-rocher\/#breadcrumb"},"inLanguage":"en-US","potentialAction":[{"@type":"ReadAction","target":["https:\/\/schenkfamily-wine.com\/fr\/marques-et-domaines\/clos-du-rocher\/"]}]},{"@type":"ImageObject","inLanguage":"en-US","@id":"https:\/\/schenkfamily-wine.com\/fr\/marques-et-domaines\/clos-du-rocher\/#primaryimage","url":"https:\/\/schenkfamily-wine.com\/wp-content\/uploads\/2024\/09\/world.png","contentUrl":"https:\/\/schenkfamily-wine.com\/wp-content\/uploads\/2024\/09\/world.png"},{"@type":"BreadcrumbList","@id":"https:\/\/schenkfamily-wine.com\/fr\/marques-et-domaines\/clos-du-rocher\/#breadcrumb","itemListElement":[{"@type":"ListItem","position":1,"name":"Accueil","item":"https:\/\/schenkfamily-wine.com\/fr\/"},{"@type":"ListItem","position":2,"name":"Brands and estates","item":"https:\/\/schenkfamily-wine.com\/fr\/marques-et-domaines\/"},{"@type":"ListItem","position":3,"name":"Clos du Rocher"}]},{"@type":"WebSite","@id":"https:\/\/schenkfamily-wine.com\/fr\/#website","url":"https:\/\/schenkfamily-wine.com\/fr\/","name":"Schenk family Holding","description":"","potentialAction":[{"@type":"SearchAction","target":{"@type":"EntryPoint","urlTemplate":"https:\/\/schenkfamily-wine.com\/fr\/?s={search_term_string}"},"query-input":{"@type":"PropertyValueSpecification","valueRequired":true,"valueName":"search_term_string"}}],"inLanguage":"en-US"}]}},"_links":{"self":[{"href":"https:\/\/schenkfamily-wine.com\/en\/wp-json\/wp\/v2\/pages\/30302","targetHints":{"allow":["GET"]}}],"collection":[{"href":"https:\/\/schenkfamily-wine.com\/en\/wp-json\/wp\/v2\/pages"}],"about":[{"href":"https:\/\/schenkfamily-wine.com\/en\/wp-json\/wp\/v2\/types\/page"}],"author":[{"embeddable":true,"href":"https:\/\/schenkfamily-wine.com\/en\/wp-json\/wp\/v2\/users\/1"}],"replies":[{"embeddable":true,"href":"https:\/\/schenkfamily-wine.com\/en\/wp-json\/wp\/v2\/comments?post=30302"}],"version-history":[{"count":6,"href":"https:\/\/schenkfamily-wine.com\/en\/wp-json\/wp\/v2\/pages\/30302\/revisions"}],"predecessor-version":[{"id":30519,"href":"https:\/\/schenkfamily-wine.com\/en\/wp-json\/wp\/v2\/pages\/30302\/revisions\/30519"}],"up":[{"embeddable":true,"href":"https:\/\/schenkfamily-wine.com\/en\/wp-json\/wp\/v2\/pages\/29768"}],"wp:attachment":[{"href":"https:\/\/schenkfamily-wine.com\/en\/wp-json\/wp\/v2\/media?parent=30302"}],"curies":[{"name":"wp","href":"https:\/\/api.w.org\/{rel}","templated":true}]}}