{"id":30030,"date":"2024-09-28T23:37:03","date_gmt":"2024-09-28T21:37:03","guid":{"rendered":"https:\/\/schenkfamily-wine.com\/?page_id=30030"},"modified":"2024-10-08T15:35:49","modified_gmt":"2024-10-08T13:35:49","slug":"mont-dor","status":"publish","type":"page","link":"https:\/\/schenkfamily-wine.com\/fr\/marques-et-domaines\/mont-dor\/","title":{"rendered":"MONT D&rsquo;OR"},"content":{"rendered":"<p>[et_pb_section fb_built=\u00a0\u00bb1&Prime; _builder_version=\u00a0\u00bb4.24.3&Prime; _module_preset=\u00a0\u00bbdefault\u00a0\u00bb global_colors_info=\u00a0\u00bb{}\u00a0\u00bb][et_pb_row column_structure=\u00a0\u00bb1_3,1_3,1_3&Prime; disabled_on=\u00a0\u00bbon|off|off\u00a0\u00bb module_class=\u00a0\u00bbbreadcrumb black\u00a0\u00bb _builder_version=\u00a0\u00bb4.24.3&Prime; _module_preset=\u00a0\u00bbdefault\u00a0\u00bb module_alignment=\u00a0\u00bbcenter\u00a0\u00bb custom_padding=\u00a0\u00bb0px||0px||true|false\u00a0\u00bb global_colors_info=\u00a0\u00bb{}\u00a0\u00bb][et_pb_column type=\u00a0\u00bb1_3&Prime; _builder_version=\u00a0\u00bb4.25.0&Prime; _module_preset=\u00a0\u00bbdefault\u00a0\u00bb global_colors_info=\u00a0\u00bb{}\u00a0\u00bb][et_pb_text _builder_version=\u00a0\u00bb4.24.3&Prime; _dynamic_attributes=\u00a0\u00bblink_option_url\u00a0\u00bb _module_preset=\u00a0\u00bbdefault\u00a0\u00bb link_option_url=\u00a0\u00bb@ET-DC@eyJkeW5hbWljIjp0cnVlLCJjb250ZW50IjoiaG9tZV91cmwiLCJzZXR0aW5ncyI6e319@\u00a0\u00bb global_colors_info=\u00a0\u00bb{}\u00a0\u00bb]<\/p>\n<p><span style=\"text-decoration: underline;\">Accueil<\/span><\/p>\n<p>[\/et_pb_text][\/et_pb_column][et_pb_column type=\u00a0\u00bb1_3&Prime; _builder_version=\u00a0\u00bb4.25.0&Prime; _module_preset=\u00a0\u00bbdefault\u00a0\u00bb global_colors_info=\u00a0\u00bb{}\u00a0\u00bb][et_pb_text _builder_version=\u00a0\u00bb4.24.3&Prime; _dynamic_attributes=\u00a0\u00bblink_option_url\u00a0\u00bb _module_preset=\u00a0\u00bbdefault\u00a0\u00bb link_option_url=\u00a0\u00bb@ET-DC@eyJkeW5hbWljIjp0cnVlLCJjb250ZW50IjoicG9zdF9saW5rX3VybF9wYWdlIiwic2V0dGluZ3MiOnsicG9zdF9pZCI6IjI4OTAzIn19@\u00a0\u00bb global_colors_info=\u00a0\u00bb{}\u00a0\u00bb]<\/p>\n<p><span style=\"text-decoration: underline;\">Marques &amp; Domaines<\/span><\/p>\n<p>[\/et_pb_text][\/et_pb_column][et_pb_column type=\u00a0\u00bb1_3&Prime; _builder_version=\u00a0\u00bb4.25.0&Prime; _module_preset=\u00a0\u00bbdefault\u00a0\u00bb global_colors_info=\u00a0\u00bb{}\u00a0\u00bb][et_pb_text _builder_version=\u00a0\u00bb4.24.3&Prime; _module_preset=\u00a0\u00bbdefault\u00a0\u00bb global_colors_info=\u00a0\u00bb{}\u00a0\u00bb]<\/p>\n<p><strong>MONT D&rsquo;OR<\/strong><\/p>\n<p>[\/et_pb_text][\/et_pb_column][\/et_pb_row][et_pb_row column_structure=\u00a0\u00bb1_2,1_2&Prime; custom_padding_last_edited=\u00a0\u00bbon|phone\u00a0\u00bb disabled_on=\u00a0\u00bboff|on|on\u00a0\u00bb module_class=\u00a0\u00bbbreadcrumb black\u00a0\u00bb _builder_version=\u00a0\u00bb4.24.3&Prime; _module_preset=\u00a0\u00bbdefault\u00a0\u00bb width_tablet=\u00a0\u00bb\u00a0\u00bb width_phone=\u00a0\u00bb100%\u00a0\u00bb width_last_edited=\u00a0\u00bbon|phone\u00a0\u00bb module_alignment=\u00a0\u00bbcenter\u00a0\u00bb custom_margin_tablet=\u00a0\u00bb\u00a0\u00bb custom_margin_phone=\u00a0\u00bb|auto||auto|false|true\u00a0\u00bb custom_margin_last_edited=\u00a0\u00bbon|phone\u00a0\u00bb custom_padding=\u00a0\u00bb0px||0px||true|false\u00a0\u00bb custom_padding_tablet=\u00a0\u00bb0px||0px||true|false\u00a0\u00bb custom_padding_phone=\u00a0\u00bb0px|0px|0px|0px|true|false\u00a0\u00bb global_colors_info=\u00a0\u00bb{}\u00a0\u00bb][et_pb_column type=\u00a0\u00bb1_2&Prime; _builder_version=\u00a0\u00bb4.25.0&Prime; _module_preset=\u00a0\u00bbdefault\u00a0\u00bb custom_padding_tablet=\u00a0\u00bb\u00a0\u00bb custom_padding_phone=\u00a0\u00bb||0px||false|false\u00a0\u00bb custom_padding_last_edited=\u00a0\u00bbon|phone\u00a0\u00bb custom_css_free_form=\u00a0\u00bbselector {||  margin-bottom:0px;||}\u00a0\u00bb global_colors_info=\u00a0\u00bb{}\u00a0\u00bb][et_pb_text _builder_version=\u00a0\u00bb4.24.3&Prime; _dynamic_attributes=\u00a0\u00bblink_option_url\u00a0\u00bb _module_preset=\u00a0\u00bbdefault\u00a0\u00bb custom_margin_tablet=\u00a0\u00bb\u00a0\u00bb custom_margin_phone=\u00a0\u00bb0px|0px|0px|0px|false|true\u00a0\u00bb custom_margin_last_edited=\u00a0\u00bbon|phone\u00a0\u00bb custom_padding_tablet=\u00a0\u00bb\u00a0\u00bb custom_padding_phone=\u00a0\u00bb0px||0px||false|false\u00a0\u00bb custom_padding_last_edited=\u00a0\u00bbon|phone\u00a0\u00bb link_option_url=\u00a0\u00bb@ET-DC@eyJkeW5hbWljIjp0cnVlLCJjb250ZW50IjoiaG9tZV91cmwiLCJzZXR0aW5ncyI6e319@\u00a0\u00bb global_colors_info=\u00a0\u00bb{}\u00a0\u00bb]<span style=\"text-decoration: underline;\">Accueil<\/span>[\/et_pb_text][\/et_pb_column][et_pb_column type=\u00a0\u00bb1_2&Prime; _builder_version=\u00a0\u00bb4.25.0&Prime; _module_preset=\u00a0\u00bbdefault\u00a0\u00bb global_colors_info=\u00a0\u00bb{}\u00a0\u00bb][et_pb_text _builder_version=\u00a0\u00bb4.24.3&Prime; _module_preset=\u00a0\u00bbdefault\u00a0\u00bb custom_margin_tablet=\u00a0\u00bb\u00a0\u00bb custom_margin_phone=\u00a0\u00bb|0px|0px|0px|false|true\u00a0\u00bb custom_margin_last_edited=\u00a0\u00bbon|phone\u00a0\u00bb global_colors_info=\u00a0\u00bb{}\u00a0\u00bb]<\/p>\n<p><strong>Marques &amp; Domaines<\/strong><\/p>\n<p>[\/et_pb_text][\/et_pb_column][\/et_pb_row][et_pb_row column_structure=\u00a0\u00bb1_5,3_5,1_5&Prime; _builder_version=\u00a0\u00bb4.24.3&Prime; _module_preset=\u00a0\u00bbdefault\u00a0\u00bb width=\u00a0\u00bb100%\u00a0\u00bb max_width=\u00a0\u00bb1200px\u00a0\u00bb global_colors_info=\u00a0\u00bb{}\u00a0\u00bb][et_pb_column type=\u00a0\u00bb1_5&Prime; _builder_version=\u00a0\u00bb4.24.3&Prime; _module_preset=\u00a0\u00bbdefault\u00a0\u00bb global_colors_info=\u00a0\u00bb{}\u00a0\u00bb][\/et_pb_column][et_pb_column type=\u00a0\u00bb3_5&Prime; _builder_version=\u00a0\u00bb4.24.3&Prime; _module_preset=\u00a0\u00bbdefault\u00a0\u00bb global_colors_info=\u00a0\u00bb{}\u00a0\u00bb][et_pb_code _builder_version=\u00a0\u00bb4.24.3&Prime; _module_preset=\u00a0\u00bbdefault\u00a0\u00bb text_orientation=\u00a0\u00bbcenter\u00a0\u00bb global_colors_info=\u00a0\u00bb{}\u00a0\u00bb]<\/p>\n<h1><!-- [et_pb_line_break_holder] -->  MONT D&rsquo;OR<!-- [et_pb_line_break_holder] --><\/h1>\n<p>[\/et_pb_code][et_pb_text module_class=\u00a0\u00bbsous-titre\u00a0\u00bb _builder_version=\u00a0\u00bb4.24.3&Prime; _module_preset=\u00a0\u00bbdefault\u00a0\u00bb global_colors_info=\u00a0\u00bb{}\u00a0\u00bb]<\/p>\n<h2 style=\"text-align: center;\">Valais<\/h2>\n<p>[\/et_pb_text][\/et_pb_column][et_pb_column type=\u00a0\u00bb1_5&Prime; _builder_version=\u00a0\u00bb4.24.3&Prime; _module_preset=\u00a0\u00bbdefault\u00a0\u00bb global_colors_info=\u00a0\u00bb{}\u00a0\u00bb][\/et_pb_column][\/et_pb_row][et_pb_row column_structure=\u00a0\u00bb1_2,1_2&Prime; make_equal=\u00a0\u00bbon\u00a0\u00bb _builder_version=\u00a0\u00bb4.24.3&Prime; _module_preset=\u00a0\u00bbdefault\u00a0\u00bb width=\u00a0\u00bb100%\u00a0\u00bb max_width=\u00a0\u00bb1200px\u00a0\u00bb global_colors_info=\u00a0\u00bb{}\u00a0\u00bb][et_pb_column type=\u00a0\u00bb1_2&Prime; _builder_version=\u00a0\u00bb4.24.3&Prime; _module_preset=\u00a0\u00bbdefault\u00a0\u00bb background_color=\u00a0\u00bb#FFFFFF\u00a0\u00bb custom_padding=\u00a0\u00bb40px|80px|40px|80px|false|false\u00a0\u00bb box_shadow_style=\u00a0\u00bbpreset3&Prime; global_colors_info=\u00a0\u00bb{}\u00a0\u00bb][et_pb_image src=\u00a0\u00bbhttps:\/\/schenkfamily-wine.com\/wp-content\/uploads\/2024\/09\/map-domaine.png\u00a0\u00bb title_text=\u00a0\u00bbmap-domaine\u00a0\u00bb align_tablet=\u00a0\u00bb\u00a0\u00bb align_phone=\u00a0\u00bbcenter\u00a0\u00bb align_last_edited=\u00a0\u00bbon|phone\u00a0\u00bb _builder_version=\u00a0\u00bb4.24.3&Prime; _module_preset=\u00a0\u00bbdefault\u00a0\u00bb global_colors_info=\u00a0\u00bb{}\u00a0\u00bb][\/et_pb_image][et_pb_text _builder_version=\u00a0\u00bb4.24.3&Prime; _module_preset=\u00a0\u00bbdefault\u00a0\u00bb text_orientation_tablet=\u00a0\u00bb\u00a0\u00bb text_orientation_phone=\u00a0\u00bbcenter\u00a0\u00bb text_orientation_last_edited=\u00a0\u00bbon|phone\u00a0\u00bb global_colors_info=\u00a0\u00bb{}\u00a0\u00bb]Rue de Savoie 64<br \/>\n1951<br \/>\nSion<br \/>\nSwitzerand[\/et_pb_text][et_pb_text module_class=\u00a0\u00bbtext-with-icon\u00a0\u00bb _builder_version=\u00a0\u00bb4.24.3&Prime; _module_preset=\u00a0\u00bbdefault\u00a0\u00bb custom_margin=\u00a0\u00bb||10px||false|false\u00a0\u00bb hover_enabled=\u00a0\u00bb0&Prime; custom_css_free_form=\u00a0\u00bbselector {||  display:flex;||  align-items:center;||}\u00a0\u00bb global_colors_info=\u00a0\u00bb{}\u00a0\u00bb link_option_url=\u00a0\u00bbhttps:\/\/montdor.ch\/\u00a0\u00bb link_option_url_new_window=\u00a0\u00bbon\u00a0\u00bb sticky_enabled=\u00a0\u00bb0&Prime;]<\/p>\n<p><img loading=\"lazy\" decoding=\"async\" src=\"https:\/\/schenkfamily-wine.com\/wp-content\/uploads\/2024\/09\/world.png\" width=\"15\" height=\"15\" alt=\"\" class=\"wp-image-29949 alignnone size-full\" \/> \u00a0<span style=\"text-decoration: underline;\">https:\/\/montdor.ch\/<\/span><\/p>\n<p>[\/et_pb_text][\/et_pb_column][et_pb_column type=\u00a0\u00bb1_2&Prime; _builder_version=\u00a0\u00bb4.24.3&Prime; _module_preset=\u00a0\u00bbdefault\u00a0\u00bb global_colors_info=\u00a0\u00bb{}\u00a0\u00bb][et_pb_image src=\u00a0\u00bbhttps:\/\/schenkfamily-wine.com\/wp-content\/uploads\/2024\/09\/mont-dor.png\u00a0\u00bb title_text=\u00a0\u00bbmont dor\u00a0\u00bb _builder_version=\u00a0\u00bb4.24.3&Prime; _module_preset=\u00a0\u00bbdefault\u00a0\u00bb border_radii=\u00a0\u00bbon|6px|6px|6px|6px\u00a0\u00bb border_width_all=\u00a0\u00bb1px\u00a0\u00bb border_color_all=\u00a0\u00bb#efece8&Prime; global_colors_info=\u00a0\u00bb{}\u00a0\u00bb][\/et_pb_image][\/et_pb_column][\/et_pb_row][et_pb_row column_structure=\u00a0\u00bb1_5,3_5,1_5&Prime; _builder_version=\u00a0\u00bb4.24.3&Prime; _module_preset=\u00a0\u00bbdefault\u00a0\u00bb width=\u00a0\u00bb100%\u00a0\u00bb max_width=\u00a0\u00bb1200px\u00a0\u00bb global_colors_info=\u00a0\u00bb{}\u00a0\u00bb][et_pb_column type=\u00a0\u00bb1_5&Prime; _builder_version=\u00a0\u00bb4.24.3&Prime; _module_preset=\u00a0\u00bbdefault\u00a0\u00bb global_colors_info=\u00a0\u00bb{}\u00a0\u00bb][\/et_pb_column][et_pb_column type=\u00a0\u00bb3_5&Prime; _builder_version=\u00a0\u00bb4.24.3&Prime; _module_preset=\u00a0\u00bbdefault\u00a0\u00bb global_colors_info=\u00a0\u00bb{}\u00a0\u00bb][et_pb_code _builder_version=\u00a0\u00bb4.24.3&Prime; _module_preset=\u00a0\u00bbdefault\u00a0\u00bb text_orientation=\u00a0\u00bbcenter\u00a0\u00bb global_colors_info=\u00a0\u00bb{}\u00a0\u00bb]<\/p>\n<h2><!-- [et_pb_line_break_holder] -->L\u2019expression h\u00e9ro\u00efque d\u2019un terroir unique<!-- [et_pb_line_break_holder] --><\/h2>\n<p>[\/et_pb_code][\/et_pb_column][et_pb_column type=\u00a0\u00bb1_5&Prime; _builder_version=\u00a0\u00bb4.24.3&Prime; _module_preset=\u00a0\u00bbdefault\u00a0\u00bb global_colors_info=\u00a0\u00bb{}\u00a0\u00bb][\/et_pb_column][\/et_pb_row][et_pb_row _builder_version=\u00a0\u00bb4.24.3&Prime; _module_preset=\u00a0\u00bbdefault\u00a0\u00bb width=\u00a0\u00bb90%\u00a0\u00bb max_width=\u00a0\u00bb1200px\u00a0\u00bb global_colors_info=\u00a0\u00bb{}\u00a0\u00bb][et_pb_column type=\u00a0\u00bb4_4&Prime; module_class=\u00a0\u00bbslider_img_popup_slide\u00a0\u00bb _builder_version=\u00a0\u00bb4.24.3&Prime; _module_preset=\u00a0\u00bbdefault\u00a0\u00bb global_colors_info=\u00a0\u00bb{}\u00a0\u00bb][et_pb_image src=\u00a0\u00bbhttps:\/\/schenkfamily-wine.com\/wp-content\/uploads\/2024\/07\/mdo.jpeg\u00a0\u00bb title_text=\u00a0\u00bbmdo\u00a0\u00bb _builder_version=\u00a0\u00bb4.24.3&Prime; _module_preset=\u00a0\u00bbdefault\u00a0\u00bb global_colors_info=\u00a0\u00bb{}\u00a0\u00bb][\/et_pb_image][\/et_pb_column][\/et_pb_row][et_pb_row column_structure=\u00a0\u00bb1_5,3_5,1_5&Prime; _builder_version=\u00a0\u00bb4.24.3&Prime; _module_preset=\u00a0\u00bbdefault\u00a0\u00bb width=\u00a0\u00bb100%\u00a0\u00bb max_width=\u00a0\u00bb1200px\u00a0\u00bb global_colors_info=\u00a0\u00bb{}\u00a0\u00bb][et_pb_column type=\u00a0\u00bb1_5&Prime; _builder_version=\u00a0\u00bb4.24.3&Prime; _module_preset=\u00a0\u00bbdefault\u00a0\u00bb global_colors_info=\u00a0\u00bb{}\u00a0\u00bb][\/et_pb_column][et_pb_column type=\u00a0\u00bb3_5&Prime; _builder_version=\u00a0\u00bb4.24.3&Prime; _module_preset=\u00a0\u00bbdefault\u00a0\u00bb global_colors_info=\u00a0\u00bb{}\u00a0\u00bb][et_pb_code _builder_version=\u00a0\u00bb4.24.3&Prime; _module_preset=\u00a0\u00bbdefault\u00a0\u00bb text_orientation=\u00a0\u00bbcenter\u00a0\u00bb global_colors_info=\u00a0\u00bb{}\u00a0\u00bb]<\/p>\n<h3><!-- [et_pb_line_break_holder] -->Histoire<!-- [et_pb_line_break_holder] --><\/h3>\n<p>[\/et_pb_code][et_pb_text _builder_version=\u00a0\u00bb4.24.3&Prime; _module_preset=\u00a0\u00bbdefault\u00a0\u00bb global_colors_info=\u00a0\u00bb{}\u00a0\u00bb]<\/p>\n<p style=\"text-align: center;\">&#8211; 1848: fondation du Domaine.\u200b<br \/>\n&#8211; Au fil des ann\u00e9es, plusieurs c\u00e9pages ont \u00e9t\u00e9 import\u00e9s dont le Johannisberg.\u200b<br \/>\n&#8211; 1878: premi\u00e8re m\u00e9daille d\u2019or \u00e0 l\u2019exposition universelle de Paris.\u200b<br \/>\n&#8211; 2019: lancement de la gamme Ch\u00e2teau Mont d\u2019Or.\u200b\u200b\u200b<\/p>\n<p>[\/et_pb_text][\/et_pb_column][et_pb_column type=\u00a0\u00bb1_5&Prime; _builder_version=\u00a0\u00bb4.24.3&Prime; _module_preset=\u00a0\u00bbdefault\u00a0\u00bb global_colors_info=\u00a0\u00bb{}\u00a0\u00bb][\/et_pb_column][\/et_pb_row][et_pb_row column_structure=\u00a0\u00bb1_5,3_5,1_5&Prime; custom_padding_last_edited=\u00a0\u00bboff|phone\u00a0\u00bb _builder_version=\u00a0\u00bb4.24.3&Prime; _module_preset=\u00a0\u00bbdefault\u00a0\u00bb width=\u00a0\u00bb100%\u00a0\u00bb max_width=\u00a0\u00bb1200px\u00a0\u00bb custom_margin_tablet=\u00a0\u00bb\u00a0\u00bb custom_margin_phone=\u00a0\u00bb0px||||false|false\u00a0\u00bb custom_margin_last_edited=\u00a0\u00bbon|phone\u00a0\u00bb custom_padding=\u00a0\u00bb||||false|false\u00a0\u00bb custom_padding_phone=\u00a0\u00bb0px||||false|false\u00a0\u00bb global_colors_info=\u00a0\u00bb{}\u00a0\u00bb][et_pb_column type=\u00a0\u00bb1_5&Prime; _builder_version=\u00a0\u00bb4.24.3&Prime; _module_preset=\u00a0\u00bbdefault\u00a0\u00bb global_colors_info=\u00a0\u00bb{}\u00a0\u00bb][\/et_pb_column][et_pb_column type=\u00a0\u00bb3_5&Prime; _builder_version=\u00a0\u00bb4.24.3&Prime; _module_preset=\u00a0\u00bbdefault\u00a0\u00bb global_colors_info=\u00a0\u00bb{}\u00a0\u00bb][et_pb_code _builder_version=\u00a0\u00bb4.24.3&Prime; _module_preset=\u00a0\u00bbdefault\u00a0\u00bb text_orientation=\u00a0\u00bbcenter\u00a0\u00bb global_colors_info=\u00a0\u00bb{}\u00a0\u00bb]<\/p>\n<h3><!-- [et_pb_line_break_holder] -->Vignoble<!-- [et_pb_line_break_holder] --><\/h3>\n<p>[\/et_pb_code][et_pb_text _builder_version=\u00a0\u00bb4.24.3&Prime; _module_preset=\u00a0\u00bbdefault\u00a0\u00bb global_colors_info=\u00a0\u00bb{}\u00a0\u00bb]<\/p>\n<p style=\"text-align: center;\">24 hectares d\u2019un seul tenant, compos\u00e9s de 220 terrasses soutenues par 14 km de murs \u200ben pierres s\u00e8ches.\u200b Un vignoble en production \u200bBio Bourgeon.\u200b\u200b<\/p>\n<p>[\/et_pb_text][\/et_pb_column][et_pb_column type=\u00a0\u00bb1_5&Prime; _builder_version=\u00a0\u00bb4.24.3&Prime; _module_preset=\u00a0\u00bbdefault\u00a0\u00bb global_colors_info=\u00a0\u00bb{}\u00a0\u00bb][\/et_pb_column][\/et_pb_row][et_pb_row _builder_version=\u00a0\u00bb4.24.3&Prime; _module_preset=\u00a0\u00bbdefault\u00a0\u00bb width=\u00a0\u00bb100%\u00a0\u00bb max_width=\u00a0\u00bb1200px\u00a0\u00bb global_colors_info=\u00a0\u00bb{}\u00a0\u00bb][et_pb_column type=\u00a0\u00bb4_4&Prime; _builder_version=\u00a0\u00bb4.24.3&Prime; _module_preset=\u00a0\u00bbdefault\u00a0\u00bb global_colors_info=\u00a0\u00bb{}\u00a0\u00bb][et_pb_code _builder_version=\u00a0\u00bb4.24.3&Prime; _module_preset=\u00a0\u00bbdefault\u00a0\u00bb text_orientation=\u00a0\u00bbcenter\u00a0\u00bb global_colors_info=\u00a0\u00bb{}\u00a0\u00bb]<\/p>\n<h2 class=\"decoration\"><!-- [et_pb_line_break_holder] -->  <span class=\"text-primary text-manier\">Bienvenue dans<\/span><!\u2013- [et_pb_br_holder] -\u2013><!-- [et_pb_line_break_holder] -->  <span class=\"text-primary sous-titre\">la famille<\/span><!-- [et_pb_line_break_holder] --><\/h2>\n<p>[\/et_pb_code][\/et_pb_column][\/et_pb_row][\/et_pb_section]<\/p>\n","protected":false},"excerpt":{"rendered":"<p>AccueilMarques &amp; DomainesMONT D&rsquo;ORAccueilMarques &amp; DomainesValaisRue de Savoie 64 1951 Sion Switzerand \u00a0https:\/\/montdor.ch\/- 1848: fondation du Domaine.\u200b &#8211; Au fil des ann\u00e9es, plusieurs c\u00e9pages ont \u00e9t\u00e9 import\u00e9s dont le Johannisberg.\u200b &#8211; 1878: premi\u00e8re m\u00e9daille d\u2019or \u00e0 l\u2019exposition universelle de Paris.\u200b &#8211; 2019: lancement de la gamme Ch\u00e2teau Mont d\u2019Or.\u200b\u200b\u200b24 hectares d\u2019un seul tenant, compos\u00e9s de [&hellip;]<\/p>\n","protected":false},"author":1,"featured_media":0,"parent":28903,"menu_order":0,"comment_status":"closed","ping_status":"closed","template":"","meta":{"_et_pb_use_builder":"on","_et_pb_old_content":"","_et_gb_content_width":"","footnotes":""},"class_list":["post-30030","page","type-page","status-publish","hentry"],"yoast_head":"<!-- This site is optimized with the Yoast SEO plugin v26.5 - https:\/\/yoast.com\/wordpress\/plugins\/seo\/ -->\n<title>MONT D&#039;OR - Schenk family Holding<\/title>\n<meta name=\"description\" content=\"MONT D&#039;OR Schenk family Holding\" \/>\n<meta name=\"robots\" content=\"index, follow, max-snippet:-1, max-image-preview:large, max-video-preview:-1\" \/>\n<link rel=\"canonical\" href=\"https:\/\/schenkfamily-wine.com\/fr\/marques-et-domaines\/mont-dor\/\" \/>\n<meta property=\"og:locale\" content=\"fr_FR\" \/>\n<meta property=\"og:type\" content=\"article\" \/>\n<meta property=\"og:title\" content=\"MONT D&#039;OR - Schenk family Holding\" \/>\n<meta property=\"og:description\" content=\"MONT D&#039;OR Schenk family Holding\" \/>\n<meta property=\"og:url\" content=\"https:\/\/schenkfamily-wine.com\/fr\/marques-et-domaines\/mont-dor\/\" \/>\n<meta property=\"og:site_name\" content=\"Schenk family Holding\" \/>\n<meta property=\"article:modified_time\" content=\"2024-10-08T13:35:49+00:00\" \/>\n<meta property=\"og:image\" content=\"https:\/\/schenkfamily-wine.com\/wp-content\/uploads\/2024\/09\/world.png\" \/>\n<meta name=\"twitter:card\" content=\"summary_large_image\" \/>\n<meta name=\"twitter:label1\" content=\"Dur\u00e9e de lecture estim\u00e9e\" \/>\n\t<meta name=\"twitter:data1\" content=\"3 minutes\" \/>\n<script type=\"application\/ld+json\" class=\"yoast-schema-graph\">{\"@context\":\"https:\/\/schema.org\",\"@graph\":[{\"@type\":\"WebPage\",\"@id\":\"https:\/\/schenkfamily-wine.com\/fr\/marques-et-domaines\/mont-dor\/\",\"url\":\"https:\/\/schenkfamily-wine.com\/fr\/marques-et-domaines\/mont-dor\/\",\"name\":\"MONT D'OR - Schenk family Holding\",\"isPartOf\":{\"@id\":\"https:\/\/schenkfamily-wine.com\/fr\/#website\"},\"primaryImageOfPage\":{\"@id\":\"https:\/\/schenkfamily-wine.com\/fr\/marques-et-domaines\/mont-dor\/#primaryimage\"},\"image\":{\"@id\":\"https:\/\/schenkfamily-wine.com\/fr\/marques-et-domaines\/mont-dor\/#primaryimage\"},\"thumbnailUrl\":\"https:\/\/schenkfamily-wine.com\/wp-content\/uploads\/2024\/09\/world.png\",\"datePublished\":\"2024-09-28T21:37:03+00:00\",\"dateModified\":\"2024-10-08T13:35:49+00:00\",\"description\":\"MONT D'OR Schenk family Holding\",\"breadcrumb\":{\"@id\":\"https:\/\/schenkfamily-wine.com\/fr\/marques-et-domaines\/mont-dor\/#breadcrumb\"},\"inLanguage\":\"fr-FR\",\"potentialAction\":[{\"@type\":\"ReadAction\",\"target\":[\"https:\/\/schenkfamily-wine.com\/fr\/marques-et-domaines\/mont-dor\/\"]}]},{\"@type\":\"ImageObject\",\"inLanguage\":\"fr-FR\",\"@id\":\"https:\/\/schenkfamily-wine.com\/fr\/marques-et-domaines\/mont-dor\/#primaryimage\",\"url\":\"https:\/\/schenkfamily-wine.com\/wp-content\/uploads\/2024\/09\/world.png\",\"contentUrl\":\"https:\/\/schenkfamily-wine.com\/wp-content\/uploads\/2024\/09\/world.png\"},{\"@type\":\"BreadcrumbList\",\"@id\":\"https:\/\/schenkfamily-wine.com\/fr\/marques-et-domaines\/mont-dor\/#breadcrumb\",\"itemListElement\":[{\"@type\":\"ListItem\",\"position\":1,\"name\":\"Accueil\",\"item\":\"https:\/\/schenkfamily-wine.com\/fr\/\"},{\"@type\":\"ListItem\",\"position\":2,\"name\":\"Marques et domaines\",\"item\":\"https:\/\/schenkfamily-wine.com\/fr\/marques-et-domaines\/\"},{\"@type\":\"ListItem\",\"position\":3,\"name\":\"MONT D&rsquo;OR\"}]},{\"@type\":\"WebSite\",\"@id\":\"https:\/\/schenkfamily-wine.com\/fr\/#website\",\"url\":\"https:\/\/schenkfamily-wine.com\/fr\/\",\"name\":\"Schenk family Holding\",\"description\":\"\",\"potentialAction\":[{\"@type\":\"SearchAction\",\"target\":{\"@type\":\"EntryPoint\",\"urlTemplate\":\"https:\/\/schenkfamily-wine.com\/fr\/?s={search_term_string}\"},\"query-input\":{\"@type\":\"PropertyValueSpecification\",\"valueRequired\":true,\"valueName\":\"search_term_string\"}}],\"inLanguage\":\"fr-FR\"}]}<\/script>\n<!-- \/ Yoast SEO plugin. -->","yoast_head_json":{"title":"MONT D'OR - Schenk family Holding","description":"MONT D'OR Schenk family Holding","robots":{"index":"index","follow":"follow","max-snippet":"max-snippet:-1","max-image-preview":"max-image-preview:large","max-video-preview":"max-video-preview:-1"},"canonical":"https:\/\/schenkfamily-wine.com\/fr\/marques-et-domaines\/mont-dor\/","og_locale":"fr_FR","og_type":"article","og_title":"MONT D'OR - Schenk family Holding","og_description":"MONT D'OR Schenk family Holding","og_url":"https:\/\/schenkfamily-wine.com\/fr\/marques-et-domaines\/mont-dor\/","og_site_name":"Schenk family Holding","article_modified_time":"2024-10-08T13:35:49+00:00","og_image":[{"url":"https:\/\/schenkfamily-wine.com\/wp-content\/uploads\/2024\/09\/world.png","type":"","width":"","height":""}],"twitter_card":"summary_large_image","twitter_misc":{"Dur\u00e9e de lecture estim\u00e9e":"3 minutes"},"schema":{"@context":"https:\/\/schema.org","@graph":[{"@type":"WebPage","@id":"https:\/\/schenkfamily-wine.com\/fr\/marques-et-domaines\/mont-dor\/","url":"https:\/\/schenkfamily-wine.com\/fr\/marques-et-domaines\/mont-dor\/","name":"MONT D'OR - Schenk family Holding","isPartOf":{"@id":"https:\/\/schenkfamily-wine.com\/fr\/#website"},"primaryImageOfPage":{"@id":"https:\/\/schenkfamily-wine.com\/fr\/marques-et-domaines\/mont-dor\/#primaryimage"},"image":{"@id":"https:\/\/schenkfamily-wine.com\/fr\/marques-et-domaines\/mont-dor\/#primaryimage"},"thumbnailUrl":"https:\/\/schenkfamily-wine.com\/wp-content\/uploads\/2024\/09\/world.png","datePublished":"2024-09-28T21:37:03+00:00","dateModified":"2024-10-08T13:35:49+00:00","description":"MONT D'OR Schenk family Holding","breadcrumb":{"@id":"https:\/\/schenkfamily-wine.com\/fr\/marques-et-domaines\/mont-dor\/#breadcrumb"},"inLanguage":"fr-FR","potentialAction":[{"@type":"ReadAction","target":["https:\/\/schenkfamily-wine.com\/fr\/marques-et-domaines\/mont-dor\/"]}]},{"@type":"ImageObject","inLanguage":"fr-FR","@id":"https:\/\/schenkfamily-wine.com\/fr\/marques-et-domaines\/mont-dor\/#primaryimage","url":"https:\/\/schenkfamily-wine.com\/wp-content\/uploads\/2024\/09\/world.png","contentUrl":"https:\/\/schenkfamily-wine.com\/wp-content\/uploads\/2024\/09\/world.png"},{"@type":"BreadcrumbList","@id":"https:\/\/schenkfamily-wine.com\/fr\/marques-et-domaines\/mont-dor\/#breadcrumb","itemListElement":[{"@type":"ListItem","position":1,"name":"Accueil","item":"https:\/\/schenkfamily-wine.com\/fr\/"},{"@type":"ListItem","position":2,"name":"Marques et domaines","item":"https:\/\/schenkfamily-wine.com\/fr\/marques-et-domaines\/"},{"@type":"ListItem","position":3,"name":"MONT D&rsquo;OR"}]},{"@type":"WebSite","@id":"https:\/\/schenkfamily-wine.com\/fr\/#website","url":"https:\/\/schenkfamily-wine.com\/fr\/","name":"Schenk family Holding","description":"","potentialAction":[{"@type":"SearchAction","target":{"@type":"EntryPoint","urlTemplate":"https:\/\/schenkfamily-wine.com\/fr\/?s={search_term_string}"},"query-input":{"@type":"PropertyValueSpecification","valueRequired":true,"valueName":"search_term_string"}}],"inLanguage":"fr-FR"}]}},"_links":{"self":[{"href":"https:\/\/schenkfamily-wine.com\/fr\/wp-json\/wp\/v2\/pages\/30030","targetHints":{"allow":["GET"]}}],"collection":[{"href":"https:\/\/schenkfamily-wine.com\/fr\/wp-json\/wp\/v2\/pages"}],"about":[{"href":"https:\/\/schenkfamily-wine.com\/fr\/wp-json\/wp\/v2\/types\/page"}],"author":[{"embeddable":true,"href":"https:\/\/schenkfamily-wine.com\/fr\/wp-json\/wp\/v2\/users\/1"}],"replies":[{"embeddable":true,"href":"https:\/\/schenkfamily-wine.com\/fr\/wp-json\/wp\/v2\/comments?post=30030"}],"version-history":[{"count":6,"href":"https:\/\/schenkfamily-wine.com\/fr\/wp-json\/wp\/v2\/pages\/30030\/revisions"}],"predecessor-version":[{"id":30390,"href":"https:\/\/schenkfamily-wine.com\/fr\/wp-json\/wp\/v2\/pages\/30030\/revisions\/30390"}],"up":[{"embeddable":true,"href":"https:\/\/schenkfamily-wine.com\/fr\/wp-json\/wp\/v2\/pages\/28903"}],"wp:attachment":[{"href":"https:\/\/schenkfamily-wine.com\/fr\/wp-json\/wp\/v2\/media?parent=30030"}],"curies":[{"name":"wp","href":"https:\/\/api.w.org\/{rel}","templated":true}]}}